{"id":398,"date":"2021-02-24T21:54:29","date_gmt":"2021-02-24T20:54:29","guid":{"rendered":"https:\/\/riccardobravi.com\/?page_id=398"},"modified":"2021-07-12T10:21:17","modified_gmt":"2021-07-12T09:21:17","slug":"laurea-triennale","status":"publish","type":"page","link":"https:\/\/www.riccardobravi.com\/en\/laurea-triennale\/","title":{"rendered":"Bachelor's Degree"},"content":{"rendered":"<div class=\"wp-block-themeisle-blocks-advanced-columns has-undefined-columns has-desktop-undefined-layout has-tablet-equal-layout has-mobile-equal-layout has-default-gap has-vertical-unset\" id=\"wp-block-themeisle-blocks-advanced-columns-54185117\"><div class=\"wp-block-themeisle-blocks-advanced-columns-overlay\"><\/div><div class=\"innerblocks-wrap\"><\/div><\/div>\n\n\n\n\n\n\n<h2>Bachelor's Degree<\/h2>\n\n\n\n\n\n<section><p style=\"text-align: justify; \"><span style=\"color: rgb(0, 0, 0);\"><span style=\"font-size: 17px;\">I accomplished my Bachelor's Degree in <strong>Linguistic Mediation for Marketing, Advertising and Public Relations at SSML Unicollege in Mantova.<\/strong><\/span><\/span><\/p><p style=\"text-align: justify; \"><span style=\"color: rgb(0, 0, 0);\"><span style=\"font-size: 17px;\">I studied&nbsp;<strong>English, German and French<\/strong> as a third language for the entire duration of my Bachelor's.<\/span><\/span><\/p><span style=\"color: rgb(0, 0, 0);\"><br><\/span><p><span style=\"color: rgb(0, 0, 0);\">Il mio curriculum \u00e8 legato all&#8217;ambito <strong>marketing &amp; social science.<\/strong><\/span><\/p><\/section>\n\n\n<section><span style=\"color: rgb(0, 0, 0);\"><span style=\"background-color: transparent; font-size: 12px;\"><\/span><\/span><p style=\"text-align: justify;\"><span style=\"font-size: 17px; color: rgb(0, 0, 0);\">Here is an overview of the courses I attended and their content.<\/span><\/p><p style=\"text-align: justify;\"><span style=\"font-size: 17px; color: rgb(0, 0, 0);\">Una <strong>conoscenza generale di un ambito specialistico<\/strong> \u00e8 fondamentale per l&#8217;interprete cos\u00ec come spaziare tra <strong>competenze orizzontali<\/strong> diverse pur mantenendo le <strong>competenze&nbsp;verticali nella mediazione linguistica<\/strong>.&nbsp;<\/span><\/p><p style=\"text-align: justify;\"><span style=\"font-size: 17px; color: rgb(0, 0, 0);\">Oltre alla mediazione linguistico-culturale, ho lavorato sull&#8217;ambito delle <strong>PR e della comunicazione d&#8217;impresa, del marketing internazionale, della pubblicit\u00e0, del diritto e dell&#8217;economia.&nbsp;<\/strong><\/span><span style=\"font-size: 17px; color: rgb(0, 0, 0);\"><\/span><span style=\"background-color: transparent; font-size: 12px;\"><\/span><\/p><\/section>\n\n\n\n\n\n\n\n\n\n\n\n\n\n<section><p><span style=\"color: rgb(0, 0, 0);\">I studied English, German and French languages, active and passive translation.<\/span><\/p><\/section>\n\n\n\n\n\n\n<section><p style=\"text-align: justify;\"><span style=\"background-color: transparent; font-size: 17px; color: rgb(0, 0, 0);\">I was trained by professional trainers in liason and consecutive interpreting, both passive and active for English, German and French.<\/span><\/p><\/section>\n\n\n\n\n\n\n<section><p style=\"text-align: justify;\"><span style=\"background-color: transparent; font-size: 17px; color: rgb(0, 0, 0);\">Un excursus sulle varie branche della linguistica per avere strumenti fondamentali per l&#8217;analisi cross-linguistica e migliorare le strategie di apprendimento.<\/span><\/p><\/section>\n\n\n\n\n\n\n<section><p><span style=\"color: rgb(0, 0, 0);\"><span style=\"font-size: 17px;\">A monographic course on late 20th century authors,  the pillars of Italian literature with a module on Italian advanced linguistics.<\/span><span style=\"font-size: 15px;\"><\/span><\/span><br><\/p><\/section>\n\n\n\n\n\n\n<section><p style=\"text-align: justify;\"><span style=\"color: rgb(0, 0, 0);\"><span style=\"font-size: 17px;\">I studied an overview of English and German culture, literature, fine arts and institutions.<\/span><\/span><br><\/p><\/section>\n\n\n\n\n\n\n<section><p class=\" translation-block\"><span>An overview of business communication (press releases) and the idea of media and customer reputation and perception were analysed. Paid media, owned media, influencer. Crisis management and communication was dealt with.<\/span><\/p> <\/section>\n\n\n\n\n\n\n<section><p style=\"text-align: justify;\"><span style=\"font-size: 12px;\"><span style=\"font-size: 17px; background-color: rgb(255, 255, 255); color: rgb(0, 0, 0);\">In un contesto di globalizzazione le aziende si sviluppano in modo internazionale e adottano strategie che comprendono pi\u00f9 paesi. Delocalizzano unit\u00e0 produttive all&#8217;estero. Si aprono a paesi differenziati per attrattivit\u00e0 (condizioni socio-economiche, tecnologiche, demografiche) e accessibilit\u00e0 (barriere tariffarie e non tariffarie). I diversi gradi di apertura sono rappresentati dall&#8217;esportazione in prima istanza e poi dall&#8217;insediamento produttivo all&#8217;estero. Vengono stretti accordi di franchising, licensing e condotte joint venture. Le politiche del prodotto, di branding e dei prezzi si differenziano anche in base alla cultura del paese d&#8217;arrivo.&nbsp;<\/span><\/span><\/p><\/section>\n\n\n\n\n\n\n<section><p><span style=\"color: rgb(0, 0, 0);\">\nCorso di base su concetti come Brand Awareness, Brand Identity, Unique Selling Proposition (USP), Key Performance Indicators (KPI), Reason Why, Mission, Vision. Un&#8217;introduzione al funzionamento di una agenzia pubblicitaria. Caso studio di una campagna di una azienda produttrice di pneumatici.\n<\/span><\/p><\/section>\n\n\n\n\n\n\n<section><p style=\"text-align: justify;\"><span style=\"background-color: transparent; font-size: 17px; color: rgb(0, 0, 0);\">Corso introduttivo sulla pianificazione pubblicitaria con un occhio all&#8217;aspetto delle metriche pubblicitarie come il Return on Investment (ROI), Brand Naming, test di packaging e spot, ruolo degli enti regolatori nella pubblicit\u00e0 (autodisciplina pubblicitaria). Sono state fatte esercitazioni pratiche e casi studio di Ambient Media e Unconventional Marketing. Esercitazioni di media planning.<\/span><\/p><\/section>\n\n\n\n\n\n\n<section><p style=\"text-align: justify;\"><span style=\"background-color: transparent; font-size: 17px; color: rgb(0, 0, 0);\">Theory of ADV creativity. Positioning and copy brief. Top of mind, Brand Image, laddering, brand strategy. Strategy-Idea-Execution, creativity techniques, Branded Content, Viral Marketing, Native Advertising.<\/span><\/p><\/section>\n\n\n\n\n\n\n<section><p style=\"text-align: justify;\"><span style=\"color: rgb(0, 0, 0);\"><span style=\"font-size: 17px;\">Visione dall&#8217;alto del diritto costituzionale italiano con le varie fonti di produzione e cognizione del diritto ordinate gerarchicamente sia nazionali che del diritto europeo. Stato e cittadini, costituzione. Ius soli e ius sanguinis. Teorie alla base della nazione. Appunti di diritto internazionale: fonti, consuetudini, trattati. Recepimento delle fonti internazionali. Parte speciale sulle iniziative autonomistiche della Regione Veneto.&nbsp;<\/span><\/span><\/p><\/section>\n\n\n\n\n\n\n<section><p style=\"text-align: justify;\"><span style=\"background-color: transparent; font-size: 17px; color: rgb(0, 0, 0);\">Excursus sulle principali teorie economiche e sulla configurazione delle organizzazioni internazionali. Studio e analisi degli SDGs e Millennium Development Goals delle Nazioni Unite e visione generale dei report pubblicati dall&#8217;UNEP e UNDP per identificare le sfide geopolitiche attuali. Team work e cooperative learning.&nbsp;<\/span><\/p><\/section>\n\n\n\n\n\n\n\n\n\n\n<section><p style=\"text-align: justify;\"><span style=\"background-color: transparent; font-size: 17px; color: rgb(0, 0, 0);\">Il tirocinio \u00e8 stato svolto nel settore automotive presso Mantova Corse S.r.l., l&#8217;organizzatore del Gran Premio Nuvolari di Mantova. I contatti sono stati mantenuti anche mesi dopo la fine del tirocinio con traduzioni di comunicati stampa verso inglese e tedesco.<\/span><\/p><\/section>\n\n\n\n\n\n\n\n<ul style=\"font-variant-ligatures: normal; font-variant-caps: normal; font-size: 17.3333px; font-family: Exo; text-align: justify;\" class=\" translation-block\"><span>Please see page 9 of the PDF file at the link on the right for an abstract in English.<\/span><\/ul>\n\n\n\n\n\n\n\n\n\n\n<iframe width=\"545\" height=\"300\" src=\"https:\/\/www.youtube.com\/embed\/videoseries?list=PL24y8avZe2FRQVrCXE3bDUN8G0PH3v-_W\" frameborder=\"0\" allow=\"autoplay; encrypted-media\" allowfullscreen><\/iframe>","protected":false},"excerpt":{"rendered":"","protected":false},"author":1,"featured_media":0,"parent":0,"menu_order":0,"comment_status":"closed","ping_status":"closed","template":"","meta":{"pagelayer_contact_templates":[],"_pagelayer_content":"","footnotes":""},"class_list":["post-398","page","type-page","status-publish","hentry"],"yoast_head":"<!-- This site is optimized with the Yoast SEO plugin v22.9 - https:\/\/yoast.com\/wordpress\/plugins\/seo\/ -->\n<title>Laurea triennale &#8211; Riccardo Bravi &#8211; Ex-Studente Unicollege<\/title>\n<meta name=\"description\" content=\"Riccardo Bravi \u00e8 uno studente interprete. Ha studiato alla SSML Unicollege di Mantova indirizzo Marketing, Pubblicit\u00e0 e Relazioni Pubbliche.\" \/>\n<meta name=\"robots\" content=\"index, follow, max-snippet:-1, max-image-preview:large, max-video-preview:-1\" \/>\n<link rel=\"canonical\" href=\"https:\/\/www.riccardobravi.com\/en\/laurea-triennale\/\" \/>\n<meta property=\"og:locale\" content=\"en_GB\" \/>\n<meta property=\"og:type\" content=\"article\" \/>\n<meta property=\"og:title\" content=\"Laurea triennale &#8211; Riccardo Bravi &#8211; Ex-Studente Unicollege\" \/>\n<meta property=\"og:description\" content=\"Riccardo Bravi \u00e8 uno studente interprete. Ha studiato alla SSML Unicollege di Mantova indirizzo Marketing, Pubblicit\u00e0 e Relazioni Pubbliche.\" \/>\n<meta property=\"og:url\" content=\"https:\/\/www.riccardobravi.com\/en\/laurea-triennale\/\" \/>\n<meta property=\"og:site_name\" content=\"Riccardo Bravi\" \/>\n<meta property=\"article:modified_time\" content=\"2021-07-12T09:21:17+00:00\" \/>\n<meta name=\"twitter:card\" content=\"summary_large_image\" \/>\n<meta name=\"twitter:label1\" content=\"Estimated reading time\" \/>\n\t<meta name=\"twitter:data1\" content=\"4 minutes\" \/>\n<script type=\"application\/ld+json\" class=\"yoast-schema-graph\">{\"@context\":\"https:\/\/schema.org\",\"@graph\":[{\"@type\":\"WebPage\",\"@id\":\"https:\/\/www.riccardobravi.com\/laurea-triennale\/\",\"url\":\"https:\/\/www.riccardobravi.com\/laurea-triennale\/\",\"name\":\"Laurea triennale &#8211; Riccardo Bravi &#8211; Ex-Studente Unicollege\",\"isPartOf\":{\"@id\":\"https:\/\/www.riccardobravi.com\/#website\"},\"datePublished\":\"2021-02-24T20:54:29+00:00\",\"dateModified\":\"2021-07-12T09:21:17+00:00\",\"description\":\"Riccardo Bravi \u00e8 uno studente interprete. Ha studiato alla SSML Unicollege di Mantova indirizzo Marketing, Pubblicit\u00e0 e Relazioni Pubbliche.\",\"breadcrumb\":{\"@id\":\"https:\/\/www.riccardobravi.com\/laurea-triennale\/#breadcrumb\"},\"inLanguage\":\"en-GB\",\"potentialAction\":[{\"@type\":\"ReadAction\",\"target\":[\"https:\/\/www.riccardobravi.com\/laurea-triennale\/\"]}]},{\"@type\":\"BreadcrumbList\",\"@id\":\"https:\/\/www.riccardobravi.com\/laurea-triennale\/#breadcrumb\",\"itemListElement\":[{\"@type\":\"ListItem\",\"position\":1,\"name\":\"Home\",\"item\":\"https:\/\/www.riccardobravi.com\/\"},{\"@type\":\"ListItem\",\"position\":2,\"name\":\"Laurea triennale\"}]},{\"@type\":\"WebSite\",\"@id\":\"https:\/\/www.riccardobravi.com\/#website\",\"url\":\"https:\/\/www.riccardobravi.com\/\",\"name\":\"Riccardo Bravi\",\"description\":\"Riccardo Bravi\",\"publisher\":{\"@id\":\"https:\/\/www.riccardobravi.com\/#\/schema\/person\/81dc3f7b8e5986129b56ada3b461161d\"},\"potentialAction\":[{\"@type\":\"SearchAction\",\"target\":{\"@type\":\"EntryPoint\",\"urlTemplate\":\"https:\/\/www.riccardobravi.com\/?s={search_term_string}\"},\"query-input\":\"required name=search_term_string\"}],\"inLanguage\":\"en-GB\"},{\"@type\":[\"Person\",\"Organization\"],\"@id\":\"https:\/\/www.riccardobravi.com\/#\/schema\/person\/81dc3f7b8e5986129b56ada3b461161d\",\"name\":\"Riccardo Bravi\",\"image\":{\"@type\":\"ImageObject\",\"inLanguage\":\"en-GB\",\"@id\":\"https:\/\/www.riccardobravi.com\/#\/schema\/person\/image\/\",\"url\":\"https:\/\/secure.gravatar.com\/avatar\/9c819fd36dd9f8db253e940a16941d908fbcce34d666ef0b5283656deb9d4ac1?s=96&d=mm&r=g\",\"contentUrl\":\"https:\/\/secure.gravatar.com\/avatar\/9c819fd36dd9f8db253e940a16941d908fbcce34d666ef0b5283656deb9d4ac1?s=96&d=mm&r=g\",\"caption\":\"Riccardo Bravi\"},\"logo\":{\"@id\":\"https:\/\/www.riccardobravi.com\/#\/schema\/person\/image\/\"},\"sameAs\":[\"http:\/\/riccardobravi.com\"]}]}<\/script>\n<!-- \/ Yoast SEO plugin. -->","yoast_head_json":{"title":"Laurea triennale &#8211; Riccardo Bravi &#8211; Ex-Studente Unicollege","description":"Riccardo Bravi \u00e8 uno studente interprete. Ha studiato alla SSML Unicollege di Mantova indirizzo Marketing, Pubblicit\u00e0 e Relazioni Pubbliche.","robots":{"index":"index","follow":"follow","max-snippet":"max-snippet:-1","max-image-preview":"max-image-preview:large","max-video-preview":"max-video-preview:-1"},"canonical":"https:\/\/www.riccardobravi.com\/en\/laurea-triennale\/","og_locale":"en_GB","og_type":"article","og_title":"Laurea triennale &#8211; Riccardo Bravi &#8211; Ex-Studente Unicollege","og_description":"Riccardo Bravi \u00e8 uno studente interprete. Ha studiato alla SSML Unicollege di Mantova indirizzo Marketing, Pubblicit\u00e0 e Relazioni Pubbliche.","og_url":"https:\/\/www.riccardobravi.com\/en\/laurea-triennale\/","og_site_name":"Riccardo Bravi","article_modified_time":"2021-07-12T09:21:17+00:00","twitter_card":"summary_large_image","twitter_misc":{"Estimated reading time":"4 minutes"},"schema":{"@context":"https:\/\/schema.org","@graph":[{"@type":"WebPage","@id":"https:\/\/www.riccardobravi.com\/laurea-triennale\/","url":"https:\/\/www.riccardobravi.com\/laurea-triennale\/","name":"Laurea triennale &#8211; Riccardo Bravi &#8211; Ex-Studente Unicollege","isPartOf":{"@id":"https:\/\/www.riccardobravi.com\/#website"},"datePublished":"2021-02-24T20:54:29+00:00","dateModified":"2021-07-12T09:21:17+00:00","description":"Riccardo Bravi \u00e8 uno studente interprete. Ha studiato alla SSML Unicollege di Mantova indirizzo Marketing, Pubblicit\u00e0 e Relazioni Pubbliche.","breadcrumb":{"@id":"https:\/\/www.riccardobravi.com\/laurea-triennale\/#breadcrumb"},"inLanguage":"en-GB","potentialAction":[{"@type":"ReadAction","target":["https:\/\/www.riccardobravi.com\/laurea-triennale\/"]}]},{"@type":"BreadcrumbList","@id":"https:\/\/www.riccardobravi.com\/laurea-triennale\/#breadcrumb","itemListElement":[{"@type":"ListItem","position":1,"name":"Home","item":"https:\/\/www.riccardobravi.com\/"},{"@type":"ListItem","position":2,"name":"Laurea triennale"}]},{"@type":"WebSite","@id":"https:\/\/www.riccardobravi.com\/#website","url":"https:\/\/www.riccardobravi.com\/","name":"Riccardo Bravi","description":"Riccardo Bravi","publisher":{"@id":"https:\/\/www.riccardobravi.com\/#\/schema\/person\/81dc3f7b8e5986129b56ada3b461161d"},"potentialAction":[{"@type":"SearchAction","target":{"@type":"EntryPoint","urlTemplate":"https:\/\/www.riccardobravi.com\/?s={search_term_string}"},"query-input":"required name=search_term_string"}],"inLanguage":"en-GB"},{"@type":["Person","Organization"],"@id":"https:\/\/www.riccardobravi.com\/#\/schema\/person\/81dc3f7b8e5986129b56ada3b461161d","name":"Riccardo Bravi","image":{"@type":"ImageObject","inLanguage":"en-GB","@id":"https:\/\/www.riccardobravi.com\/#\/schema\/person\/image\/","url":"https:\/\/secure.gravatar.com\/avatar\/9c819fd36dd9f8db253e940a16941d908fbcce34d666ef0b5283656deb9d4ac1?s=96&d=mm&r=g","contentUrl":"https:\/\/secure.gravatar.com\/avatar\/9c819fd36dd9f8db253e940a16941d908fbcce34d666ef0b5283656deb9d4ac1?s=96&d=mm&r=g","caption":"Riccardo Bravi"},"logo":{"@id":"https:\/\/www.riccardobravi.com\/#\/schema\/person\/image\/"},"sameAs":["http:\/\/riccardobravi.com"]}]}},"_links":{"self":[{"href":"https:\/\/www.riccardobravi.com\/en\/wp-json\/wp\/v2\/pages\/398","targetHints":{"allow":["GET"]}}],"collection":[{"href":"https:\/\/www.riccardobravi.com\/en\/wp-json\/wp\/v2\/pages"}],"about":[{"href":"https:\/\/www.riccardobravi.com\/en\/wp-json\/wp\/v2\/types\/page"}],"author":[{"embeddable":true,"href":"https:\/\/www.riccardobravi.com\/en\/wp-json\/wp\/v2\/users\/1"}],"replies":[{"embeddable":true,"href":"https:\/\/www.riccardobravi.com\/en\/wp-json\/wp\/v2\/comments?post=398"}],"version-history":[{"count":43,"href":"https:\/\/www.riccardobravi.com\/en\/wp-json\/wp\/v2\/pages\/398\/revisions"}],"predecessor-version":[{"id":840,"href":"https:\/\/www.riccardobravi.com\/en\/wp-json\/wp\/v2\/pages\/398\/revisions\/840"}],"wp:attachment":[{"href":"https:\/\/www.riccardobravi.com\/en\/wp-json\/wp\/v2\/media?parent=398"}],"curies":[{"name":"wp","href":"https:\/\/api.w.org\/{rel}","templated":true}]}}