{"id":662,"date":"2021-02-28T20:47:31","date_gmt":"2021-02-28T19:47:31","guid":{"rendered":"https:\/\/www.riccardobravi.com\/?page_id=662"},"modified":"2021-06-09T20:44:04","modified_gmt":"2021-06-09T19:44:04","slug":"aggiornamento-continuo","status":"publish","type":"page","link":"https:\/\/www.riccardobravi.com\/en\/aggiornamento-continuo\/","title":{"rendered":"Aggiornamento continuo"},"content":{"rendered":"<div class=\"wp-block-themeisle-blocks-advanced-columns has-undefined-columns has-desktop-undefined-layout has-tablet-equal-layout has-mobile-equal-layout has-default-gap has-vertical-unset\" id=\"wp-block-themeisle-blocks-advanced-columns-54185117\"><div class=\"wp-block-themeisle-blocks-advanced-columns-overlay\"><\/div><div class=\"innerblocks-wrap\"><\/div><\/div>\n\n\n\n\n\n<h2>Aggiornamento continuo<\/h2>\n\n\n\n\n<p style=\"text-align: center;\"><span style=\"color: rgb(0, 0, 0);\">L&#8217;<strong>aggiornamento continuo<\/strong> \u00e8 fondamentale per la professione di interprete. E non solo.<\/span><\/p><p style=\"text-align: center;\"><span style=\"color: rgb(0, 0, 0);\">Essere <strong>curiosi <\/strong>\u00e8 una qualit\u00e0 chiave per interpretare <strong>discorsi tecnici e specialistici<\/strong><\/span><\/p><p style=\"text-align: center;\"><span style=\"color: rgb(0, 0, 0);\">per cui \u00e8 necessaria un&#8217;approfondita preparazione.&nbsp;<\/span><\/p>\n\n\n\n\n\n\n\n\n\n\n\n\n\n\n\n<p style=\"text-align: justify; \"><span style=\"color: rgb(0, 0, 0);\">In questo corso online di due giorni organizzato da ISPI \u2013 Istituto per gli Studi di Politica Internazionale ho scoperto i principi cardine della CSR. Nell&#8217;attivit\u00e0 pratica ho scoperto come parlano gli specialisti del settore. Questo mi aiuter\u00e0 a capire i discorsi specialistici.<\/span><\/p>\n\n\n\n\n\n\n<p style=\"text-align: justify;\"><span style=\"color: rgb(0, 0, 0);\">Con questo corso online in modalit\u00e0 asincrona ho scoperto il mondo di WordPress, cos&#8217;\u00e8 un hosting, cos&#8217;\u00e8 un dominio e come creare un sito web. Questa \u00e8 stata la scintilla che mi ha fatto capire che ho bisogno di un sito web per promuovermi. Ho imparato il resto facendo pratica nella costruzione di questo sito.&nbsp;<\/span><\/p>\n\n\n\n\n\n\n<p style=\"text-align: justify;\"><span style=\"color: rgb(0, 0, 0);\">In questo corso online in modalit\u00e0 asincrona ho imparato qualcosa sull&#8217;intelligenza artificiale. Il corso breve, tenuto interamente in lingua inglese da Gianluca Mauro, mi ha offerto alcuni termini chiave per parlare di intelligenza artificiale da profano.<\/span><\/p>\n\n\n\n\n\n\n<p style=\"text-align: justify;\"><span style=\"color: rgb(0, 0, 0);\">&#8220;Diventare Traduttori&#8221; di STL Formazione mi ha trasmesso le basi per una prima comprensione degli aspetti fiscali e pratici della professione di interprete e traduttore e di come il Machine Learning possa avere un effetto sul futuro della professione, in parte gi\u00e0 visibile. Fondamentale per tarare i miei obiettivi dopo la laurea. Tutto il corso si \u00e8 svolto online in modalit\u00e0 asincrona.<\/span><\/p>","protected":false},"excerpt":{"rendered":"","protected":false},"author":1,"featured_media":0,"parent":0,"menu_order":0,"comment_status":"closed","ping_status":"closed","template":"","meta":{"pagelayer_contact_templates":[],"_pagelayer_content":"","footnotes":""},"class_list":["post-662","page","type-page","status-publish","hentry"],"yoast_head":"<!-- This site is optimized with the Yoast SEO plugin v22.9 - https:\/\/yoast.com\/wordpress\/plugins\/seo\/ -->\n<title>Aggiornamento continuo &#8211; Riccardo Bravi &#8211; Ex-Studente Unicollege<\/title>\n<meta name=\"description\" content=\"Riccardo Bravi \u00e8 uno studente interprete. Ha studiato alla SSML Unicollege di Mantova indirizzo Marketing, Pubblicit\u00e0 e Relazioni Pubbliche.\" \/>\n<meta name=\"robots\" content=\"index, follow, max-snippet:-1, max-image-preview:large, max-video-preview:-1\" \/>\n<link rel=\"canonical\" href=\"https:\/\/www.riccardobravi.com\/en\/aggiornamento-continuo\/\" \/>\n<meta property=\"og:locale\" content=\"en_GB\" \/>\n<meta property=\"og:type\" content=\"article\" \/>\n<meta property=\"og:title\" content=\"Aggiornamento continuo &#8211; Riccardo Bravi &#8211; Ex-Studente Unicollege\" \/>\n<meta property=\"og:description\" content=\"Riccardo Bravi \u00e8 uno studente interprete. Ha studiato alla SSML Unicollege di Mantova indirizzo Marketing, Pubblicit\u00e0 e Relazioni Pubbliche.\" \/>\n<meta property=\"og:url\" content=\"https:\/\/www.riccardobravi.com\/en\/aggiornamento-continuo\/\" \/>\n<meta property=\"og:site_name\" content=\"Riccardo Bravi\" \/>\n<meta property=\"article:modified_time\" content=\"2021-06-09T19:44:04+00:00\" \/>\n<meta name=\"twitter:card\" content=\"summary_large_image\" \/>\n<meta name=\"twitter:label1\" content=\"Estimated reading time\" \/>\n\t<meta name=\"twitter:data1\" content=\"4 minutes\" \/>\n<script type=\"application\/ld+json\" class=\"yoast-schema-graph\">{\"@context\":\"https:\/\/schema.org\",\"@graph\":[{\"@type\":\"WebPage\",\"@id\":\"https:\/\/www.riccardobravi.com\/aggiornamento-continuo\/\",\"url\":\"https:\/\/www.riccardobravi.com\/aggiornamento-continuo\/\",\"name\":\"Aggiornamento continuo &#8211; Riccardo Bravi &#8211; Ex-Studente Unicollege\",\"isPartOf\":{\"@id\":\"https:\/\/www.riccardobravi.com\/#website\"},\"datePublished\":\"2021-02-28T19:47:31+00:00\",\"dateModified\":\"2021-06-09T19:44:04+00:00\",\"description\":\"Riccardo Bravi \u00e8 uno studente interprete. Ha studiato alla SSML Unicollege di Mantova indirizzo Marketing, Pubblicit\u00e0 e Relazioni Pubbliche.\",\"breadcrumb\":{\"@id\":\"https:\/\/www.riccardobravi.com\/aggiornamento-continuo\/#breadcrumb\"},\"inLanguage\":\"en-GB\",\"potentialAction\":[{\"@type\":\"ReadAction\",\"target\":[\"https:\/\/www.riccardobravi.com\/aggiornamento-continuo\/\"]}]},{\"@type\":\"BreadcrumbList\",\"@id\":\"https:\/\/www.riccardobravi.com\/aggiornamento-continuo\/#breadcrumb\",\"itemListElement\":[{\"@type\":\"ListItem\",\"position\":1,\"name\":\"Home\",\"item\":\"https:\/\/www.riccardobravi.com\/\"},{\"@type\":\"ListItem\",\"position\":2,\"name\":\"Aggiornamento continuo\"}]},{\"@type\":\"WebSite\",\"@id\":\"https:\/\/www.riccardobravi.com\/#website\",\"url\":\"https:\/\/www.riccardobravi.com\/\",\"name\":\"Riccardo Bravi\",\"description\":\"Riccardo Bravi\",\"publisher\":{\"@id\":\"https:\/\/www.riccardobravi.com\/#\/schema\/person\/81dc3f7b8e5986129b56ada3b461161d\"},\"potentialAction\":[{\"@type\":\"SearchAction\",\"target\":{\"@type\":\"EntryPoint\",\"urlTemplate\":\"https:\/\/www.riccardobravi.com\/?s={search_term_string}\"},\"query-input\":\"required name=search_term_string\"}],\"inLanguage\":\"en-GB\"},{\"@type\":[\"Person\",\"Organization\"],\"@id\":\"https:\/\/www.riccardobravi.com\/#\/schema\/person\/81dc3f7b8e5986129b56ada3b461161d\",\"name\":\"Riccardo Bravi\",\"image\":{\"@type\":\"ImageObject\",\"inLanguage\":\"en-GB\",\"@id\":\"https:\/\/www.riccardobravi.com\/#\/schema\/person\/image\/\",\"url\":\"https:\/\/secure.gravatar.com\/avatar\/9c819fd36dd9f8db253e940a16941d908fbcce34d666ef0b5283656deb9d4ac1?s=96&d=mm&r=g\",\"contentUrl\":\"https:\/\/secure.gravatar.com\/avatar\/9c819fd36dd9f8db253e940a16941d908fbcce34d666ef0b5283656deb9d4ac1?s=96&d=mm&r=g\",\"caption\":\"Riccardo Bravi\"},\"logo\":{\"@id\":\"https:\/\/www.riccardobravi.com\/#\/schema\/person\/image\/\"},\"sameAs\":[\"http:\/\/riccardobravi.com\"]}]}<\/script>\n<!-- \/ Yoast SEO plugin. -->","yoast_head_json":{"title":"Aggiornamento continuo &#8211; Riccardo Bravi &#8211; Ex-Studente Unicollege","description":"Riccardo Bravi \u00e8 uno studente interprete. Ha studiato alla SSML Unicollege di Mantova indirizzo Marketing, Pubblicit\u00e0 e Relazioni Pubbliche.","robots":{"index":"index","follow":"follow","max-snippet":"max-snippet:-1","max-image-preview":"max-image-preview:large","max-video-preview":"max-video-preview:-1"},"canonical":"https:\/\/www.riccardobravi.com\/en\/aggiornamento-continuo\/","og_locale":"en_GB","og_type":"article","og_title":"Aggiornamento continuo &#8211; Riccardo Bravi &#8211; Ex-Studente Unicollege","og_description":"Riccardo Bravi \u00e8 uno studente interprete. Ha studiato alla SSML Unicollege di Mantova indirizzo Marketing, Pubblicit\u00e0 e Relazioni Pubbliche.","og_url":"https:\/\/www.riccardobravi.com\/en\/aggiornamento-continuo\/","og_site_name":"Riccardo Bravi","article_modified_time":"2021-06-09T19:44:04+00:00","twitter_card":"summary_large_image","twitter_misc":{"Estimated reading time":"4 minutes"},"schema":{"@context":"https:\/\/schema.org","@graph":[{"@type":"WebPage","@id":"https:\/\/www.riccardobravi.com\/aggiornamento-continuo\/","url":"https:\/\/www.riccardobravi.com\/aggiornamento-continuo\/","name":"Aggiornamento continuo &#8211; Riccardo Bravi &#8211; Ex-Studente Unicollege","isPartOf":{"@id":"https:\/\/www.riccardobravi.com\/#website"},"datePublished":"2021-02-28T19:47:31+00:00","dateModified":"2021-06-09T19:44:04+00:00","description":"Riccardo Bravi \u00e8 uno studente interprete. Ha studiato alla SSML Unicollege di Mantova indirizzo Marketing, Pubblicit\u00e0 e Relazioni Pubbliche.","breadcrumb":{"@id":"https:\/\/www.riccardobravi.com\/aggiornamento-continuo\/#breadcrumb"},"inLanguage":"en-GB","potentialAction":[{"@type":"ReadAction","target":["https:\/\/www.riccardobravi.com\/aggiornamento-continuo\/"]}]},{"@type":"BreadcrumbList","@id":"https:\/\/www.riccardobravi.com\/aggiornamento-continuo\/#breadcrumb","itemListElement":[{"@type":"ListItem","position":1,"name":"Home","item":"https:\/\/www.riccardobravi.com\/"},{"@type":"ListItem","position":2,"name":"Aggiornamento continuo"}]},{"@type":"WebSite","@id":"https:\/\/www.riccardobravi.com\/#website","url":"https:\/\/www.riccardobravi.com\/","name":"Riccardo Bravi","description":"Riccardo Bravi","publisher":{"@id":"https:\/\/www.riccardobravi.com\/#\/schema\/person\/81dc3f7b8e5986129b56ada3b461161d"},"potentialAction":[{"@type":"SearchAction","target":{"@type":"EntryPoint","urlTemplate":"https:\/\/www.riccardobravi.com\/?s={search_term_string}"},"query-input":"required name=search_term_string"}],"inLanguage":"en-GB"},{"@type":["Person","Organization"],"@id":"https:\/\/www.riccardobravi.com\/#\/schema\/person\/81dc3f7b8e5986129b56ada3b461161d","name":"Riccardo Bravi","image":{"@type":"ImageObject","inLanguage":"en-GB","@id":"https:\/\/www.riccardobravi.com\/#\/schema\/person\/image\/","url":"https:\/\/secure.gravatar.com\/avatar\/9c819fd36dd9f8db253e940a16941d908fbcce34d666ef0b5283656deb9d4ac1?s=96&d=mm&r=g","contentUrl":"https:\/\/secure.gravatar.com\/avatar\/9c819fd36dd9f8db253e940a16941d908fbcce34d666ef0b5283656deb9d4ac1?s=96&d=mm&r=g","caption":"Riccardo Bravi"},"logo":{"@id":"https:\/\/www.riccardobravi.com\/#\/schema\/person\/image\/"},"sameAs":["http:\/\/riccardobravi.com"]}]}},"_links":{"self":[{"href":"https:\/\/www.riccardobravi.com\/en\/wp-json\/wp\/v2\/pages\/662","targetHints":{"allow":["GET"]}}],"collection":[{"href":"https:\/\/www.riccardobravi.com\/en\/wp-json\/wp\/v2\/pages"}],"about":[{"href":"https:\/\/www.riccardobravi.com\/en\/wp-json\/wp\/v2\/types\/page"}],"author":[{"embeddable":true,"href":"https:\/\/www.riccardobravi.com\/en\/wp-json\/wp\/v2\/users\/1"}],"replies":[{"embeddable":true,"href":"https:\/\/www.riccardobravi.com\/en\/wp-json\/wp\/v2\/comments?post=662"}],"version-history":[{"count":7,"href":"https:\/\/www.riccardobravi.com\/en\/wp-json\/wp\/v2\/pages\/662\/revisions"}],"predecessor-version":[{"id":794,"href":"https:\/\/www.riccardobravi.com\/en\/wp-json\/wp\/v2\/pages\/662\/revisions\/794"}],"wp:attachment":[{"href":"https:\/\/www.riccardobravi.com\/en\/wp-json\/wp\/v2\/media?parent=662"}],"curies":[{"name":"wp","href":"https:\/\/api.w.org\/{rel}","templated":true}]}}